{"id":117,"date":"2014-01-23T17:15:41","date_gmt":"2014-01-23T16:15:41","guid":{"rendered":"http:\/\/142.132.203.237\/~broderim\/Fruolsentest\/?page_id=117"},"modified":"2014-01-23T17:15:41","modified_gmt":"2014-01-23T16:15:41","slug":"om-mig","status":"publish","type":"page","link":"https:\/\/fruolsendesign.dk\/?page_id=117","title":{"rendered":"Om mig"},"content":{"rendered":"<p>Jeg hedder Annelise<\/p>\n<p>Jeg er\u00a0\u00a0brod\u00f8se.<\/p>\n<p>Jeg har en uddannelse i moderne broderi fra\u00a0\u00a0 <a href=\"http:\/\/www.netoplys.dk\/\">Dansk Husflidsforening\u00a0<\/a> i Kerteminde . Underviser<a href=\"http:\/\/www.bettinaandersen.dk\"> Bettina Andersen<\/a><\/p>\n<p>Jeg har igennem mange \u00e5r besk\u00e6ftiget mig med\u00a0 forskellige \u00a0former for\u00a0 h\u00e5ndarbejde.<\/p>\n<p>Jeg er meget optaget af at arbejde med broderiet som udtryksform.<\/p>\n<p>Jeg er medlem af Broderimixerne, som er en gruppe brod\u00f8ser,der arbejder med frit broderi som kunstform. Vi m\u00f8des ca. hver anden m\u00e5ned og inspirerer hinanden gensidigt.<\/p>\n<p>Henviser til <a href=\"http:\/\/broderimixerne.dk\">Broderimixerne&#8217;s<\/a> hjemmeside hvor du kan l\u00e6se mere om mig og de andre medlemmer af gruppen.<\/p>\n<p>&nbsp;<\/p>\n","protected":false},"excerpt":{"rendered":"<p>Jeg hedder Annelise Jeg er\u00a0\u00a0brod\u00f8se. Jeg har en uddannelse i moderne broderi fra\u00a0\u00a0 Dansk Husflidsforening\u00a0 i Kerteminde . Underviser Bettina Andersen Jeg har igennem mange \u00e5r besk\u00e6ftiget mig med\u00a0 forskellige \u00a0former for\u00a0 h\u00e5ndarbejde. Jeg er meget optaget af at arbejde med broderiet som udtryksform. Jeg er medlem af Broderimixerne, som er en gruppe brod\u00f8ser,der arbejder &hellip; <a href=\"https:\/\/fruolsendesign.dk\/?page_id=117\" class=\"more-link\">L\u00e6s videre <span class=\"screen-reader-text\">Om mig<\/span> <span class=\"meta-nav\">&rarr;<\/span><\/a><\/p>\n","protected":false},"author":1,"featured_media":0,"parent":0,"menu_order":0,"comment_status":"open","ping_status":"open","template":"","meta":{"footnotes":""},"class_list":["post-117","page","type-page","status-publish","hentry"],"_links":{"self":[{"href":"https:\/\/fruolsendesign.dk\/index.php?rest_route=\/wp\/v2\/pages\/117","targetHints":{"allow":["GET"]}}],"collection":[{"href":"https:\/\/fruolsendesign.dk\/index.php?rest_route=\/wp\/v2\/pages"}],"about":[{"href":"https:\/\/fruolsendesign.dk\/index.php?rest_route=\/wp\/v2\/types\/page"}],"author":[{"embeddable":true,"href":"https:\/\/fruolsendesign.dk\/index.php?rest_route=\/wp\/v2\/users\/1"}],"replies":[{"embeddable":true,"href":"https:\/\/fruolsendesign.dk\/index.php?rest_route=%2Fwp%2Fv2%2Fcomments&post=117"}],"version-history":[{"count":0,"href":"https:\/\/fruolsendesign.dk\/index.php?rest_route=\/wp\/v2\/pages\/117\/revisions"}],"wp:attachment":[{"href":"https:\/\/fruolsendesign.dk\/index.php?rest_route=%2Fwp%2Fv2%2Fmedia&parent=117"}],"curies":[{"name":"wp","href":"https:\/\/api.w.org\/{rel}","templated":true}]}}